{"id":80,"date":"2014-03-14T06:55:40","date_gmt":"2014-03-14T04:55:40","guid":{"rendered":"http:\/\/kayapati.com\/demos\/xmldemo\/?page_id=80"},"modified":"2026-01-21T12:54:30","modified_gmt":"2026-01-21T10:54:30","slug":"online-termine-zuckersuess-waxing-sugaring-dauerhafte-haarentfernung","status":"publish","type":"page","link":"https:\/\/www.zuckersuess-regensburg.de\/","title":{"rendered":"Startseite"},"content":{"rendered":"<div>You need to add a widget, row, or prebuilt layout before you&#8217;ll see anything here. \ud83d\ude42<\/div>\n\n\n<p>Endlich eine L\u00f6sung f\u00fcr l\u00e4stige Behaarung \u2013 nicht nur kurzfristig, sondern wirklich wirksam<\/p>\n\n\n\n<p>Eingewachsene Haare, dunkle Schatten unter der Haut, Rasurbrand?<\/p>\n\n\n\n<p>T\u00e4gliches Rasieren, das trotzdem nie richtig glatt wird?<\/p>\n\n\n\n<p>Hormonell bedingter Haarwuchs im Gesicht, der belastet, verunsichert und das Selbstbewusstsein angreift?<\/p>\n\n\n\n<p>\ud83d\udc49 Du bist damit nicht allein.<\/p>\n\n\n\n<p>Und vor allem: Du musst das nicht einfach hinnehmen.<\/p>\n\n\n\n<h3 class=\"wp-block-heading\">Bei Haarlos sch\u00f6n bekommst du keine Standard-Behandlung \u2013 sondern deine pers\u00f6nliche L\u00f6sung<\/h3>\n\n\n\n<p>Viele Studios bieten eine Technik f\u00fcr alle an.<\/p>\n\n\n\n<p>Wir nicht.<\/p>\n\n\n\n<p>Denn echte Ergebnisse entstehen nur dann, wenn Methode, Haut und Haar perfekt zusammenpassen.<\/p>\n\n\n\n<p>Deshalb arbeiten wir mit einem einzigartigen Angebot, individuell auf dich abgestimmt.<\/p>\n","protected":false},"excerpt":{"rendered":"<p>Endlich eine L\u00f6sung f\u00fcr l\u00e4stige Behaarung \u2013 nicht nur kurzfristig, sondern wirklich wirksam Eingewachsene Haare, dunkle Schatten unter der Haut, Rasurbrand? T\u00e4gliches Rasieren, das trotzdem &hellip; <\/p>\n","protected":false},"author":1,"featured_media":0,"parent":0,"menu_order":0,"comment_status":"closed","ping_status":"closed","template":"","meta":{"footnotes":""},"class_list":["post-80","page","type-page","status-publish","hentry","latest_post"],"yoast_head":"<!-- This site is optimized with the Yoast SEO plugin v27.5 - https:\/\/yoast.com\/product\/yoast-seo-wordpress\/ -->\n<title>Startseite - Haarlos Sch\u00f6n Regensburg<\/title>\n<meta name=\"description\" content=\"Enthaarungsstudio f\u00fcr Waxing, Sugaring, dauerhafte Haarentfernung mit Lasertechnik, Elektroepilation, online Termine\" \/>\n<meta name=\"robots\" content=\"index, follow, max-snippet:-1, max-image-preview:large, max-video-preview:-1\" \/>\n<link rel=\"canonical\" href=\"https:\/\/www.zuckersuess-regensburg.de\/\" \/>\n<meta property=\"og:locale\" content=\"de_DE\" \/>\n<meta property=\"og:type\" content=\"article\" \/>\n<meta property=\"og:title\" content=\"Startseite - Haarlos Sch\u00f6n Regensburg\" \/>\n<meta property=\"og:description\" content=\"Enthaarungsstudio f\u00fcr Waxing, Sugaring, dauerhafte Haarentfernung mit Lasertechnik, Elektroepilation, online Termine\" \/>\n<meta property=\"og:url\" content=\"https:\/\/www.zuckersuess-regensburg.de\/\" \/>\n<meta property=\"og:site_name\" content=\"Haarlos Sch\u00f6n Regensburg\" \/>\n<meta property=\"article:modified_time\" content=\"2026-01-21T10:54:30+00:00\" \/>\n<meta name=\"twitter:label1\" content=\"Gesch\u00e4tzte Lesezeit\" \/>\n\t<meta name=\"twitter:data1\" content=\"1\u00a0Minute\" \/>\n<script type=\"application\/ld+json\" class=\"yoast-schema-graph\">{\"@context\":\"https:\\\/\\\/schema.org\",\"@graph\":[{\"@type\":\"WebPage\",\"@id\":\"https:\\\/\\\/www.zuckersuess-regensburg.de\\\/\",\"url\":\"https:\\\/\\\/www.zuckersuess-regensburg.de\\\/\",\"name\":\"Startseite - Haarlos Sch\u00f6n Regensburg\",\"isPartOf\":{\"@id\":\"https:\\\/\\\/www.zuckersuess-regensburg.de\\\/#website\"},\"datePublished\":\"2014-03-14T04:55:40+00:00\",\"dateModified\":\"2026-01-21T10:54:30+00:00\",\"description\":\"Enthaarungsstudio f\u00fcr Waxing, Sugaring, dauerhafte Haarentfernung mit Lasertechnik, Elektroepilation, online Termine\",\"breadcrumb\":{\"@id\":\"https:\\\/\\\/www.zuckersuess-regensburg.de\\\/#breadcrumb\"},\"inLanguage\":\"de\",\"potentialAction\":[{\"@type\":\"ReadAction\",\"target\":[\"https:\\\/\\\/www.zuckersuess-regensburg.de\\\/\"]}]},{\"@type\":\"BreadcrumbList\",\"@id\":\"https:\\\/\\\/www.zuckersuess-regensburg.de\\\/#breadcrumb\",\"itemListElement\":[{\"@type\":\"ListItem\",\"position\":1,\"name\":\"Home\",\"item\":\"https:\\\/\\\/www.zuckersuess-regensburg.de\\\/\"},{\"@type\":\"ListItem\",\"position\":2,\"name\":\"Startseite\"}]},{\"@type\":\"WebSite\",\"@id\":\"https:\\\/\\\/www.zuckersuess-regensburg.de\\\/#website\",\"url\":\"https:\\\/\\\/www.zuckersuess-regensburg.de\\\/\",\"name\":\"Haarlos Sch\u00f6n Regensburg\",\"description\":\"Professionelle Enthaarungen mit modernster Lasertechnik, Elektroepilation und Wachs\",\"publisher\":{\"@id\":\"https:\\\/\\\/www.zuckersuess-regensburg.de\\\/#organization\"},\"potentialAction\":[{\"@type\":\"SearchAction\",\"target\":{\"@type\":\"EntryPoint\",\"urlTemplate\":\"https:\\\/\\\/www.zuckersuess-regensburg.de\\\/?s={search_term_string}\"},\"query-input\":{\"@type\":\"PropertyValueSpecification\",\"valueRequired\":true,\"valueName\":\"search_term_string\"}}],\"inLanguage\":\"de\"},{\"@type\":\"Organization\",\"@id\":\"https:\\\/\\\/www.zuckersuess-regensburg.de\\\/#organization\",\"name\":\"Haarlos Sch\u00f6n Regensburg\",\"url\":\"https:\\\/\\\/www.zuckersuess-regensburg.de\\\/\",\"logo\":{\"@type\":\"ImageObject\",\"inLanguage\":\"de\",\"@id\":\"https:\\\/\\\/www.zuckersuess-regensburg.de\\\/#\\\/schema\\\/logo\\\/image\\\/\",\"url\":\"https:\\\/\\\/www.zuckersuess-regensburg.de\\\/wp-content\\\/uploads\\\/logo_72_333333-2.png\",\"contentUrl\":\"https:\\\/\\\/www.zuckersuess-regensburg.de\\\/wp-content\\\/uploads\\\/logo_72_333333-2.png\",\"width\":596,\"height\":243,\"caption\":\"Haarlos Sch\u00f6n Regensburg\"},\"image\":{\"@id\":\"https:\\\/\\\/www.zuckersuess-regensburg.de\\\/#\\\/schema\\\/logo\\\/image\\\/\"}}]}<\/script>\n<!-- \/ Yoast SEO plugin. -->","yoast_head_json":{"title":"Startseite - Haarlos Sch\u00f6n Regensburg","description":"Enthaarungsstudio f\u00fcr Waxing, Sugaring, dauerhafte Haarentfernung mit Lasertechnik, Elektroepilation, online Termine","robots":{"index":"index","follow":"follow","max-snippet":"max-snippet:-1","max-image-preview":"max-image-preview:large","max-video-preview":"max-video-preview:-1"},"canonical":"https:\/\/www.zuckersuess-regensburg.de\/","og_locale":"de_DE","og_type":"article","og_title":"Startseite - Haarlos Sch\u00f6n Regensburg","og_description":"Enthaarungsstudio f\u00fcr Waxing, Sugaring, dauerhafte Haarentfernung mit Lasertechnik, Elektroepilation, online Termine","og_url":"https:\/\/www.zuckersuess-regensburg.de\/","og_site_name":"Haarlos Sch\u00f6n Regensburg","article_modified_time":"2026-01-21T10:54:30+00:00","twitter_misc":{"Gesch\u00e4tzte Lesezeit":"1\u00a0Minute"},"schema":{"@context":"https:\/\/schema.org","@graph":[{"@type":"WebPage","@id":"https:\/\/www.zuckersuess-regensburg.de\/","url":"https:\/\/www.zuckersuess-regensburg.de\/","name":"Startseite - Haarlos Sch\u00f6n Regensburg","isPartOf":{"@id":"https:\/\/www.zuckersuess-regensburg.de\/#website"},"datePublished":"2014-03-14T04:55:40+00:00","dateModified":"2026-01-21T10:54:30+00:00","description":"Enthaarungsstudio f\u00fcr Waxing, Sugaring, dauerhafte Haarentfernung mit Lasertechnik, Elektroepilation, online Termine","breadcrumb":{"@id":"https:\/\/www.zuckersuess-regensburg.de\/#breadcrumb"},"inLanguage":"de","potentialAction":[{"@type":"ReadAction","target":["https:\/\/www.zuckersuess-regensburg.de\/"]}]},{"@type":"BreadcrumbList","@id":"https:\/\/www.zuckersuess-regensburg.de\/#breadcrumb","itemListElement":[{"@type":"ListItem","position":1,"name":"Home","item":"https:\/\/www.zuckersuess-regensburg.de\/"},{"@type":"ListItem","position":2,"name":"Startseite"}]},{"@type":"WebSite","@id":"https:\/\/www.zuckersuess-regensburg.de\/#website","url":"https:\/\/www.zuckersuess-regensburg.de\/","name":"Haarlos Sch\u00f6n Regensburg","description":"Professionelle Enthaarungen mit modernster Lasertechnik, Elektroepilation und Wachs","publisher":{"@id":"https:\/\/www.zuckersuess-regensburg.de\/#organization"},"potentialAction":[{"@type":"SearchAction","target":{"@type":"EntryPoint","urlTemplate":"https:\/\/www.zuckersuess-regensburg.de\/?s={search_term_string}"},"query-input":{"@type":"PropertyValueSpecification","valueRequired":true,"valueName":"search_term_string"}}],"inLanguage":"de"},{"@type":"Organization","@id":"https:\/\/www.zuckersuess-regensburg.de\/#organization","name":"Haarlos Sch\u00f6n Regensburg","url":"https:\/\/www.zuckersuess-regensburg.de\/","logo":{"@type":"ImageObject","inLanguage":"de","@id":"https:\/\/www.zuckersuess-regensburg.de\/#\/schema\/logo\/image\/","url":"https:\/\/www.zuckersuess-regensburg.de\/wp-content\/uploads\/logo_72_333333-2.png","contentUrl":"https:\/\/www.zuckersuess-regensburg.de\/wp-content\/uploads\/logo_72_333333-2.png","width":596,"height":243,"caption":"Haarlos Sch\u00f6n Regensburg"},"image":{"@id":"https:\/\/www.zuckersuess-regensburg.de\/#\/schema\/logo\/image\/"}}]}},"_links":{"self":[{"href":"https:\/\/www.zuckersuess-regensburg.de\/index.php?rest_route=\/wp\/v2\/pages\/80","targetHints":{"allow":["GET"]}}],"collection":[{"href":"https:\/\/www.zuckersuess-regensburg.de\/index.php?rest_route=\/wp\/v2\/pages"}],"about":[{"href":"https:\/\/www.zuckersuess-regensburg.de\/index.php?rest_route=\/wp\/v2\/types\/page"}],"author":[{"embeddable":true,"href":"https:\/\/www.zuckersuess-regensburg.de\/index.php?rest_route=\/wp\/v2\/users\/1"}],"replies":[{"embeddable":true,"href":"https:\/\/www.zuckersuess-regensburg.de\/index.php?rest_route=%2Fwp%2Fv2%2Fcomments&post=80"}],"version-history":[{"count":19,"href":"https:\/\/www.zuckersuess-regensburg.de\/index.php?rest_route=\/wp\/v2\/pages\/80\/revisions"}],"predecessor-version":[{"id":1929,"href":"https:\/\/www.zuckersuess-regensburg.de\/index.php?rest_route=\/wp\/v2\/pages\/80\/revisions\/1929"}],"wp:attachment":[{"href":"https:\/\/www.zuckersuess-regensburg.de\/index.php?rest_route=%2Fwp%2Fv2%2Fmedia&parent=80"}],"curies":[{"name":"wp","href":"https:\/\/api.w.org\/{rel}","templated":true}]}}