{"id":1909,"date":"2026-01-14T13:49:01","date_gmt":"2026-01-14T11:49:01","guid":{"rendered":"https:\/\/www.zuckersuess-regensburg.de\/?page_id=1909"},"modified":"2026-01-23T14:53:20","modified_gmt":"2026-01-23T12:53:20","slug":"about-us-section","status":"publish","type":"page","link":"https:\/\/www.zuckersuess-regensburg.de\/?page_id=1909","title":{"rendered":"haarlos.sch\u00f6n by Zuckers\u00fc\u00df"},"content":{"rendered":"<p>Dauerhafte Haarentfernung mit 100% Alexandritlasertechnik, Elektroepilation mit ApilusXCell, Waxing.<\/p>\n<p>Wertgutscheine gibt es hier: &gt; <a class=\"customize-unpreviewable\" href=\"https:\/\/zuckersuess.firstvoucher.com\/\" target=\"_blank\" rel=\"noopener\"><u>Gutscheinshop<\/u><\/a><\/p>\n<p>Seit 2023 bei Shape of You Regensburg auch Bodyforming Anwendungen wie LPG Endermologie, Kryolipolyse, Zahnaufhellung, uvm.<\/p>\n\n\n<p><\/p>\n","protected":false},"excerpt":{"rendered":"<p>Dauerhafte Haarentfernung mit 100% Alexandritlasertechnik, Elektroepilation mit ApilusXCell, Waxing. Wertgutscheine gibt es hier: &gt; Gutscheinshop Seit 2023 bei Shape of You Regensburg auch Bodyforming Anwendungen &hellip; <\/p>\n","protected":false},"author":1,"featured_media":1920,"parent":0,"menu_order":0,"comment_status":"closed","ping_status":"closed","template":"","meta":{"footnotes":""},"class_list":["post-1909","page","type-page","status-publish","has-post-thumbnail","hentry","latest_post"],"yoast_head":"<!-- This site is optimized with the Yoast SEO plugin v27.4 - https:\/\/yoast.com\/product\/yoast-seo-wordpress\/ -->\n<title>haarlos.sch\u00f6n by Zuckers\u00fc\u00df - Haarlos Sch\u00f6n Regensburg<\/title>\n<meta name=\"robots\" content=\"index, follow, max-snippet:-1, max-image-preview:large, max-video-preview:-1\" \/>\n<link rel=\"canonical\" href=\"https:\/\/www.zuckersuess-regensburg.de\/?page_id=1909\" \/>\n<meta property=\"og:locale\" content=\"de_DE\" \/>\n<meta property=\"og:type\" content=\"article\" \/>\n<meta property=\"og:title\" content=\"haarlos.sch\u00f6n by Zuckers\u00fc\u00df - Haarlos Sch\u00f6n Regensburg\" \/>\n<meta property=\"og:description\" content=\"Dauerhafte Haarentfernung mit 100% Alexandritlasertechnik, Elektroepilation mit ApilusXCell, Waxing. Wertgutscheine gibt es hier: &gt; Gutscheinshop Seit 2023 bei Shape of You Regensburg auch Bodyforming Anwendungen &hellip;\" \/>\n<meta property=\"og:url\" content=\"https:\/\/www.zuckersuess-regensburg.de\/?page_id=1909\" \/>\n<meta property=\"og:site_name\" content=\"Haarlos Sch\u00f6n Regensburg\" \/>\n<meta property=\"article:modified_time\" content=\"2026-01-23T12:53:20+00:00\" \/>\n<meta property=\"og:image\" content=\"https:\/\/www.zuckersuess-regensburg.de\/wp-content\/uploads\/image_6483441-1.jpg\" \/>\n\t<meta property=\"og:image:width\" content=\"1080\" \/>\n\t<meta property=\"og:image:height\" content=\"1920\" \/>\n\t<meta property=\"og:image:type\" content=\"image\/jpeg\" \/>\n<meta name=\"twitter:label1\" content=\"Gesch\u00e4tzte Lesezeit\" \/>\n\t<meta name=\"twitter:data1\" content=\"1\u00a0Minute\" \/>\n<script type=\"application\/ld+json\" class=\"yoast-schema-graph\">{\"@context\":\"https:\\\/\\\/schema.org\",\"@graph\":[{\"@type\":\"WebPage\",\"@id\":\"https:\\\/\\\/www.zuckersuess-regensburg.de\\\/?page_id=1909\",\"url\":\"https:\\\/\\\/www.zuckersuess-regensburg.de\\\/?page_id=1909\",\"name\":\"haarlos.sch\u00f6n by Zuckers\u00fc\u00df - Haarlos Sch\u00f6n Regensburg\",\"isPartOf\":{\"@id\":\"https:\\\/\\\/www.zuckersuess-regensburg.de\\\/#website\"},\"primaryImageOfPage\":{\"@id\":\"https:\\\/\\\/www.zuckersuess-regensburg.de\\\/?page_id=1909#primaryimage\"},\"image\":{\"@id\":\"https:\\\/\\\/www.zuckersuess-regensburg.de\\\/?page_id=1909#primaryimage\"},\"thumbnailUrl\":\"https:\\\/\\\/www.zuckersuess-regensburg.de\\\/wp-content\\\/uploads\\\/image_6483441-1.jpg\",\"datePublished\":\"2026-01-14T11:49:01+00:00\",\"dateModified\":\"2026-01-23T12:53:20+00:00\",\"breadcrumb\":{\"@id\":\"https:\\\/\\\/www.zuckersuess-regensburg.de\\\/?page_id=1909#breadcrumb\"},\"inLanguage\":\"de\",\"potentialAction\":[{\"@type\":\"ReadAction\",\"target\":[\"https:\\\/\\\/www.zuckersuess-regensburg.de\\\/?page_id=1909\"]}]},{\"@type\":\"ImageObject\",\"inLanguage\":\"de\",\"@id\":\"https:\\\/\\\/www.zuckersuess-regensburg.de\\\/?page_id=1909#primaryimage\",\"url\":\"https:\\\/\\\/www.zuckersuess-regensburg.de\\\/wp-content\\\/uploads\\\/image_6483441-1.jpg\",\"contentUrl\":\"https:\\\/\\\/www.zuckersuess-regensburg.de\\\/wp-content\\\/uploads\\\/image_6483441-1.jpg\",\"width\":1080,\"height\":1920},{\"@type\":\"BreadcrumbList\",\"@id\":\"https:\\\/\\\/www.zuckersuess-regensburg.de\\\/?page_id=1909#breadcrumb\",\"itemListElement\":[{\"@type\":\"ListItem\",\"position\":1,\"name\":\"Home\",\"item\":\"https:\\\/\\\/www.zuckersuess-regensburg.de\\\/\"},{\"@type\":\"ListItem\",\"position\":2,\"name\":\"haarlos.sch\u00f6n by Zuckers\u00fc\u00df\"}]},{\"@type\":\"WebSite\",\"@id\":\"https:\\\/\\\/www.zuckersuess-regensburg.de\\\/#website\",\"url\":\"https:\\\/\\\/www.zuckersuess-regensburg.de\\\/\",\"name\":\"Haarlos Sch\u00f6n Regensburg\",\"description\":\"Professionelle Enthaarungen mit modernster Lasertechnik, Elektroepilation und Wachs\",\"publisher\":{\"@id\":\"https:\\\/\\\/www.zuckersuess-regensburg.de\\\/#organization\"},\"potentialAction\":[{\"@type\":\"SearchAction\",\"target\":{\"@type\":\"EntryPoint\",\"urlTemplate\":\"https:\\\/\\\/www.zuckersuess-regensburg.de\\\/?s={search_term_string}\"},\"query-input\":{\"@type\":\"PropertyValueSpecification\",\"valueRequired\":true,\"valueName\":\"search_term_string\"}}],\"inLanguage\":\"de\"},{\"@type\":\"Organization\",\"@id\":\"https:\\\/\\\/www.zuckersuess-regensburg.de\\\/#organization\",\"name\":\"Haarlos Sch\u00f6n Regensburg\",\"url\":\"https:\\\/\\\/www.zuckersuess-regensburg.de\\\/\",\"logo\":{\"@type\":\"ImageObject\",\"inLanguage\":\"de\",\"@id\":\"https:\\\/\\\/www.zuckersuess-regensburg.de\\\/#\\\/schema\\\/logo\\\/image\\\/\",\"url\":\"https:\\\/\\\/www.zuckersuess-regensburg.de\\\/wp-content\\\/uploads\\\/logo_72_333333-2.png\",\"contentUrl\":\"https:\\\/\\\/www.zuckersuess-regensburg.de\\\/wp-content\\\/uploads\\\/logo_72_333333-2.png\",\"width\":596,\"height\":243,\"caption\":\"Haarlos Sch\u00f6n Regensburg\"},\"image\":{\"@id\":\"https:\\\/\\\/www.zuckersuess-regensburg.de\\\/#\\\/schema\\\/logo\\\/image\\\/\"}}]}<\/script>\n<!-- \/ Yoast SEO plugin. -->","yoast_head_json":{"title":"haarlos.sch\u00f6n by Zuckers\u00fc\u00df - Haarlos Sch\u00f6n Regensburg","robots":{"index":"index","follow":"follow","max-snippet":"max-snippet:-1","max-image-preview":"max-image-preview:large","max-video-preview":"max-video-preview:-1"},"canonical":"https:\/\/www.zuckersuess-regensburg.de\/?page_id=1909","og_locale":"de_DE","og_type":"article","og_title":"haarlos.sch\u00f6n by Zuckers\u00fc\u00df - Haarlos Sch\u00f6n Regensburg","og_description":"Dauerhafte Haarentfernung mit 100% Alexandritlasertechnik, Elektroepilation mit ApilusXCell, Waxing. Wertgutscheine gibt es hier: &gt; Gutscheinshop Seit 2023 bei Shape of You Regensburg auch Bodyforming Anwendungen &hellip;","og_url":"https:\/\/www.zuckersuess-regensburg.de\/?page_id=1909","og_site_name":"Haarlos Sch\u00f6n Regensburg","article_modified_time":"2026-01-23T12:53:20+00:00","og_image":[{"width":1080,"height":1920,"url":"https:\/\/www.zuckersuess-regensburg.de\/wp-content\/uploads\/image_6483441-1.jpg","type":"image\/jpeg"}],"twitter_misc":{"Gesch\u00e4tzte Lesezeit":"1\u00a0Minute"},"schema":{"@context":"https:\/\/schema.org","@graph":[{"@type":"WebPage","@id":"https:\/\/www.zuckersuess-regensburg.de\/?page_id=1909","url":"https:\/\/www.zuckersuess-regensburg.de\/?page_id=1909","name":"haarlos.sch\u00f6n by Zuckers\u00fc\u00df - Haarlos Sch\u00f6n Regensburg","isPartOf":{"@id":"https:\/\/www.zuckersuess-regensburg.de\/#website"},"primaryImageOfPage":{"@id":"https:\/\/www.zuckersuess-regensburg.de\/?page_id=1909#primaryimage"},"image":{"@id":"https:\/\/www.zuckersuess-regensburg.de\/?page_id=1909#primaryimage"},"thumbnailUrl":"https:\/\/www.zuckersuess-regensburg.de\/wp-content\/uploads\/image_6483441-1.jpg","datePublished":"2026-01-14T11:49:01+00:00","dateModified":"2026-01-23T12:53:20+00:00","breadcrumb":{"@id":"https:\/\/www.zuckersuess-regensburg.de\/?page_id=1909#breadcrumb"},"inLanguage":"de","potentialAction":[{"@type":"ReadAction","target":["https:\/\/www.zuckersuess-regensburg.de\/?page_id=1909"]}]},{"@type":"ImageObject","inLanguage":"de","@id":"https:\/\/www.zuckersuess-regensburg.de\/?page_id=1909#primaryimage","url":"https:\/\/www.zuckersuess-regensburg.de\/wp-content\/uploads\/image_6483441-1.jpg","contentUrl":"https:\/\/www.zuckersuess-regensburg.de\/wp-content\/uploads\/image_6483441-1.jpg","width":1080,"height":1920},{"@type":"BreadcrumbList","@id":"https:\/\/www.zuckersuess-regensburg.de\/?page_id=1909#breadcrumb","itemListElement":[{"@type":"ListItem","position":1,"name":"Home","item":"https:\/\/www.zuckersuess-regensburg.de\/"},{"@type":"ListItem","position":2,"name":"haarlos.sch\u00f6n by Zuckers\u00fc\u00df"}]},{"@type":"WebSite","@id":"https:\/\/www.zuckersuess-regensburg.de\/#website","url":"https:\/\/www.zuckersuess-regensburg.de\/","name":"Haarlos Sch\u00f6n Regensburg","description":"Professionelle Enthaarungen mit modernster Lasertechnik, Elektroepilation und Wachs","publisher":{"@id":"https:\/\/www.zuckersuess-regensburg.de\/#organization"},"potentialAction":[{"@type":"SearchAction","target":{"@type":"EntryPoint","urlTemplate":"https:\/\/www.zuckersuess-regensburg.de\/?s={search_term_string}"},"query-input":{"@type":"PropertyValueSpecification","valueRequired":true,"valueName":"search_term_string"}}],"inLanguage":"de"},{"@type":"Organization","@id":"https:\/\/www.zuckersuess-regensburg.de\/#organization","name":"Haarlos Sch\u00f6n Regensburg","url":"https:\/\/www.zuckersuess-regensburg.de\/","logo":{"@type":"ImageObject","inLanguage":"de","@id":"https:\/\/www.zuckersuess-regensburg.de\/#\/schema\/logo\/image\/","url":"https:\/\/www.zuckersuess-regensburg.de\/wp-content\/uploads\/logo_72_333333-2.png","contentUrl":"https:\/\/www.zuckersuess-regensburg.de\/wp-content\/uploads\/logo_72_333333-2.png","width":596,"height":243,"caption":"Haarlos Sch\u00f6n Regensburg"},"image":{"@id":"https:\/\/www.zuckersuess-regensburg.de\/#\/schema\/logo\/image\/"}}]}},"_links":{"self":[{"href":"https:\/\/www.zuckersuess-regensburg.de\/index.php?rest_route=\/wp\/v2\/pages\/1909","targetHints":{"allow":["GET"]}}],"collection":[{"href":"https:\/\/www.zuckersuess-regensburg.de\/index.php?rest_route=\/wp\/v2\/pages"}],"about":[{"href":"https:\/\/www.zuckersuess-regensburg.de\/index.php?rest_route=\/wp\/v2\/types\/page"}],"author":[{"embeddable":true,"href":"https:\/\/www.zuckersuess-regensburg.de\/index.php?rest_route=\/wp\/v2\/users\/1"}],"replies":[{"embeddable":true,"href":"https:\/\/www.zuckersuess-regensburg.de\/index.php?rest_route=%2Fwp%2Fv2%2Fcomments&post=1909"}],"version-history":[{"count":5,"href":"https:\/\/www.zuckersuess-regensburg.de\/index.php?rest_route=\/wp\/v2\/pages\/1909\/revisions"}],"predecessor-version":[{"id":1998,"href":"https:\/\/www.zuckersuess-regensburg.de\/index.php?rest_route=\/wp\/v2\/pages\/1909\/revisions\/1998"}],"wp:featuredmedia":[{"embeddable":true,"href":"https:\/\/www.zuckersuess-regensburg.de\/index.php?rest_route=\/wp\/v2\/media\/1920"}],"wp:attachment":[{"href":"https:\/\/www.zuckersuess-regensburg.de\/index.php?rest_route=%2Fwp%2Fv2%2Fmedia&parent=1909"}],"curies":[{"name":"wp","href":"https:\/\/api.w.org\/{rel}","templated":true}]}}