{"id":1099,"date":"2020-06-14T22:13:19","date_gmt":"2020-06-14T20:13:19","guid":{"rendered":"https:\/\/www.zuckersuess-regensburg.de\/?page_id=1099"},"modified":"2021-12-30T13:36:23","modified_gmt":"2021-12-30T11:36:23","slug":"zahnaufhellung-bleaching","status":"publish","type":"page","link":"https:\/\/www.zuckersuess-regensburg.de\/?page_id=1099","title":{"rendered":"Zahnaufhellung"},"content":{"rendered":"\n<p><br><strong>Kosmetische Zahnaufhellung (Soft-Bleaching)<\/strong><\/p>\n\n\n\n<p>Circa 85% der Deutschen empfinden gelbe Z\u00e4hne als unattraktiv und w\u00fcrden gerne wei\u00dfere Z\u00e4hne haben. Verf\u00e4rbte oder gelbliche Z\u00e4hne werden in den meisten F\u00e4llen durch den Genuss von Tee, Kaffee, Rauchen oder farbintensiven Lebensmitteln verursacht. <\/p>\n\n\n\n<p>Sollten Sie schnell sch\u00f6ne wei\u00dfe Z\u00e4hne zu einem bezahlbaren Preis haben wollen, ist eine&nbsp;<em><strong>kosmetische Zahnaufhellung<\/strong><\/em>&nbsp;genau das Richtige f\u00fcr Sie. Diese Form der Zahnaufhellung ist&nbsp;<strong>sanft, schonend, schnell wirkend, hat keine Nebenwirkungen<\/strong>.<\/p>\n\n\n\n<h2 class=\"wp-block-heading\">Kosmetische Zahnaufhellung \u2013 Vorteile:<\/h2>\n\n\n\n<ul class=\"wp-block-list\"><li><strong>Kurze Behandlungszeit<\/strong>&nbsp;von ca. 20-60 Minuten<\/li><li><strong>Keine lange Vorbereitung<\/strong>&nbsp;notwendig, nach dem Motto: \u201eStop, Bleach and Go\u201c.<\/li><li><strong>Schnelle und perfekte Ergebnisse<\/strong>&nbsp;\u2013 unmittelbare Zahnaufhellung von 2-9 Farbt\u00f6nen.<\/li><li>Die&nbsp;<em><strong>kosmetische Zahnaufhellung<\/strong><\/em>&nbsp;mit dem LED Bleaching System&nbsp;<strong>kann jederzeit wiederholt werden<\/strong>.<\/li><li>Eine kosmetische Zahnaufhellung mit dem LED System ist&nbsp;<strong>sanft, schonend und ohne jegliche Nebenwirkungen.<\/strong><\/li><li><strong>G\u00fcnstige Bleaching Kosten<\/strong><\/li><\/ul>\n\n\n\n<p>Das kosmetische Zahnaufhellungssystem wurde gemeinsam mit Zahn\u00e4rzten entwickelt und auch vielen Tests erfolgreich ausgesetzt. Es zeichnet sich durch die Kombination eines neuartigen Bleaching Gels aus, sowie dessen Aktivierung durch eine speziell entwickelte Hochleistungs-LED-Lampe. Das aktive Bleichmittel dringt in die Zahnoberfl\u00e4che ein und l\u00f6st die Verf\u00e4rbungen sanft und schonend , ohne Zahnfleisch oder Zahnschmelz zu besch\u00e4digen. &nbsp;<strong>Diese Form von kosmetischer Zahnaufhellung&nbsp;ist absolut sicher, zahnschonend und hat keine bekannten Nebenwirkungen.<\/strong><\/p>\n\n\n\n<h2 class=\"wp-block-heading\">Was Sie von einer kosmetischen Zahnaufhellung&nbsp;erwarten k\u00f6nnen:<\/h2>\n\n\n\n<ul class=\"wp-block-list\"><li>Wie auch beim herk\u00f6mmlichen Bleaching,&nbsp;<strong>k\u00f6nnen nur nat\u00fcrliche Z\u00e4hne aufgehellt werden<\/strong>. Zahnersatz wie z.B. Implantate, Zahnbr\u00fccken und Zahnkronen oder Zahnf\u00fcllungen bleiben von dem Bleaching Gel unver\u00e4ndert.<\/li><li>Bei der kosmetischen Zahnaufhellung mit dem LED Bleaching System&nbsp;<strong>k\u00f6nnen Sie wei\u00dfere Z\u00e4hne zwischen 2 und 9 Farbstufen erreichen<\/strong>, je nach Wunsch und Gegebenheiten..<\/li><li>Die erzielte&nbsp;<strong>kosmetische<\/strong>&nbsp;<strong>Zahnaufhellung bleibt je nach Ausgangssituation und Lebensstil&nbsp;f\u00fcr bis zu&nbsp;6-12 Monate bestehen<\/strong>. Je besser Ihre h\u00e4usliche Mundpflege ist und je weniger verf\u00e4rbende Lebensmittel Sie zu sich nehmen, um so l\u00e4nger haben Sie Freude an Ihren wei\u00dfen Z\u00e4hnen.<\/li><li>Ein&nbsp;<strong>erneutes Soft Bleaching<\/strong>&nbsp;(Auffrischung)&nbsp;<strong>kann jederzeit wieder durchgef\u00fchrt werden<\/strong>.<\/li><li>Da unser Bleaching Gel&nbsp;<strong>sehr schonend ist<\/strong>, verursacht es&nbsp;<strong>keine Nebenwirkungen<\/strong>. Allerdings sollten nur gesunde Z\u00e4hne aufgehellt werden. Z\u00e4hne, die von Karies befallen sind, stark gegen K\u00e4lte empfindliche Z\u00e4hne oder Zahnfleischentz\u00fcndungen sollten vor einem Bleaching von Ihrem Zahnarzt behandelt werden.<\/li><li>Um die&nbsp;<strong>besten Ergebnisse zu erzielen, ist eine&nbsp;Zahnreinigung vor dem Bleaching <\/strong>zu empfehlen.<\/li><\/ul>\n\n\n\n<p><\/p>\n\n\n\n<h2 class=\"wp-block-heading\">Was nach dem Soft-Bleaching\/kosmetischen Zahnaufhellung zu beachten ist:<\/h2>\n\n\n\n<p>Bitte achten Sie&nbsp;<strong>nach der kosmetischen Zahnaufhellung<\/strong>&nbsp;darauf,&nbsp;<strong>f\u00fcr ca. 48 Stunden keine stark verf\u00e4rbende Lebensmittel zu sich zu nehmen und m\u00f6glichst nicht zu rauchen<\/strong>. Da der Bleaching-Vorgang den Z\u00e4hnen Wasser entzieht, tendieren die Z\u00e4hne dazu, direkt nach einem Bleaching vermehrt Farbstoffe aufzunehmen.<\/p>\n\n\n\n<p>Fragen Sie nach unserer Zahncreme AP24, die ideal als Heimanwendung ist und trinken Sie viel Mineralwasser.<\/p>\n\n\n\n<p>Noch mehr Kundenbilder gibts auf unserer Insta Seite \ud83d\ude42<a href=\"https:\/\/www.instagram.com\/zuckersuess.conny\/\">https:\/\/www.instagram.com\/zuckersuess.conny\/<\/a><\/p>\n\n\n\n<p><\/p>\n\n\n\n<figure class=\"wp-block-image size-large\"><img decoding=\"async\" src=\"data:image\/gif;base64,R0lGODlhAQABAAAAACH5BAEKAAEALAAAAAABAAEAAAICTAEAOw==\" data-layzr=\"https:\/\/www.zuckersuess-regensburg.de\/wp-content\/uploads\/3B5AB330-0163-4D23-9B24-193F3C50BE7F-1024x814.jpeg\" alt=\"\" class=\"wp-image-1188\"\/><figcaption>3&#215;20 min.<\/figcaption><\/figure>\n\n\n\n<figure class=\"wp-block-image size-large\"><img decoding=\"async\" src=\"data:image\/gif;base64,R0lGODlhAQABAAAAACH5BAEKAAEALAAAAAABAAEAAAICTAEAOw==\" data-layzr=\"https:\/\/www.zuckersuess-regensburg.de\/wp-content\/uploads\/726319C7-DEFE-4496-82F4-3034C7BB6A40-1024x607.jpeg\" alt=\"\" class=\"wp-image-1184\"\/><\/figure>\n\n\n\n<figure class=\"wp-block-image size-large\"><img decoding=\"async\" src=\"data:image\/gif;base64,R0lGODlhAQABAAAAACH5BAEKAAEALAAAAAABAAEAAAICTAEAOw==\" data-layzr=\"https:\/\/www.zuckersuess-regensburg.de\/wp-content\/uploads\/DB1258A8-47DB-42E5-A56A-96375A4D7326.jpeg\" alt=\"\" class=\"wp-image-1182\"\/><\/figure>\n","protected":false},"excerpt":{"rendered":"<p>Kosmetische Zahnaufhellung (Soft-Bleaching) Circa 85% der Deutschen empfinden gelbe Z\u00e4hne als unattraktiv und w\u00fcrden gerne wei\u00dfere Z\u00e4hne haben. Verf\u00e4rbte oder gelbliche Z\u00e4hne werden in den &hellip; <\/p>\n","protected":false},"author":1,"featured_media":1168,"parent":141,"menu_order":0,"comment_status":"closed","ping_status":"closed","template":"","meta":{"footnotes":""},"class_list":["post-1099","page","type-page","status-publish","has-post-thumbnail","hentry","latest_post"],"yoast_head":"<!-- This site is optimized with the Yoast SEO plugin v27.5 - https:\/\/yoast.com\/product\/yoast-seo-wordpress\/ -->\n<title>Zahnaufhellung - Haarlos Sch\u00f6n Regensburg<\/title>\n<meta name=\"robots\" content=\"index, follow, max-snippet:-1, max-image-preview:large, max-video-preview:-1\" \/>\n<link rel=\"canonical\" href=\"https:\/\/www.zuckersuess-regensburg.de\/?page_id=1099\" \/>\n<meta property=\"og:locale\" content=\"de_DE\" \/>\n<meta property=\"og:type\" content=\"article\" \/>\n<meta property=\"og:title\" content=\"Zahnaufhellung - Haarlos Sch\u00f6n Regensburg\" \/>\n<meta property=\"og:description\" content=\"Kosmetische Zahnaufhellung (Soft-Bleaching) Circa 85% der Deutschen empfinden gelbe Z\u00e4hne als unattraktiv und w\u00fcrden gerne wei\u00dfere Z\u00e4hne haben. Verf\u00e4rbte oder gelbliche Z\u00e4hne werden in den &hellip;\" \/>\n<meta property=\"og:url\" content=\"https:\/\/www.zuckersuess-regensburg.de\/?page_id=1099\" \/>\n<meta property=\"og:site_name\" content=\"Haarlos Sch\u00f6n Regensburg\" \/>\n<meta property=\"article:modified_time\" content=\"2021-12-30T11:36:23+00:00\" \/>\n<meta property=\"og:image\" content=\"https:\/\/www.zuckersuess-regensburg.de\/wp-content\/uploads\/EC16A997-DAFB-4781-BA83-C35615A882E6-e1592854851599.jpeg\" \/>\n\t<meta property=\"og:image:width\" content=\"2048\" \/>\n\t<meta property=\"og:image:height\" content=\"967\" \/>\n\t<meta property=\"og:image:type\" content=\"image\/jpeg\" \/>\n<meta name=\"twitter:label1\" content=\"Gesch\u00e4tzte Lesezeit\" \/>\n\t<meta name=\"twitter:data1\" content=\"3\u00a0Minuten\" \/>\n<script type=\"application\/ld+json\" class=\"yoast-schema-graph\">{\"@context\":\"https:\\\/\\\/schema.org\",\"@graph\":[{\"@type\":\"WebPage\",\"@id\":\"https:\\\/\\\/www.zuckersuess-regensburg.de\\\/?page_id=1099\",\"url\":\"https:\\\/\\\/www.zuckersuess-regensburg.de\\\/?page_id=1099\",\"name\":\"Zahnaufhellung - Haarlos Sch\u00f6n Regensburg\",\"isPartOf\":{\"@id\":\"https:\\\/\\\/www.zuckersuess-regensburg.de\\\/#website\"},\"primaryImageOfPage\":{\"@id\":\"https:\\\/\\\/www.zuckersuess-regensburg.de\\\/?page_id=1099#primaryimage\"},\"image\":{\"@id\":\"https:\\\/\\\/www.zuckersuess-regensburg.de\\\/?page_id=1099#primaryimage\"},\"thumbnailUrl\":\"https:\\\/\\\/www.zuckersuess-regensburg.de\\\/wp-content\\\/uploads\\\/EC16A997-DAFB-4781-BA83-C35615A882E6-e1592854851599.jpeg\",\"datePublished\":\"2020-06-14T20:13:19+00:00\",\"dateModified\":\"2021-12-30T11:36:23+00:00\",\"breadcrumb\":{\"@id\":\"https:\\\/\\\/www.zuckersuess-regensburg.de\\\/?page_id=1099#breadcrumb\"},\"inLanguage\":\"de\",\"potentialAction\":[{\"@type\":\"ReadAction\",\"target\":[\"https:\\\/\\\/www.zuckersuess-regensburg.de\\\/?page_id=1099\"]}]},{\"@type\":\"ImageObject\",\"inLanguage\":\"de\",\"@id\":\"https:\\\/\\\/www.zuckersuess-regensburg.de\\\/?page_id=1099#primaryimage\",\"url\":\"https:\\\/\\\/www.zuckersuess-regensburg.de\\\/wp-content\\\/uploads\\\/EC16A997-DAFB-4781-BA83-C35615A882E6-e1592854851599.jpeg\",\"contentUrl\":\"https:\\\/\\\/www.zuckersuess-regensburg.de\\\/wp-content\\\/uploads\\\/EC16A997-DAFB-4781-BA83-C35615A882E6-e1592854851599.jpeg\",\"width\":2048,\"height\":967,\"caption\":\"Vorher-Nachher Zahnaufhellung\"},{\"@type\":\"BreadcrumbList\",\"@id\":\"https:\\\/\\\/www.zuckersuess-regensburg.de\\\/?page_id=1099#breadcrumb\",\"itemListElement\":[{\"@type\":\"ListItem\",\"position\":1,\"name\":\"Home\",\"item\":\"https:\\\/\\\/www.zuckersuess-regensburg.de\\\/\"},{\"@type\":\"ListItem\",\"position\":2,\"name\":\"Anwendungen\",\"item\":\"https:\\\/\\\/www.zuckersuess-regensburg.de\\\/?page_id=141\"},{\"@type\":\"ListItem\",\"position\":3,\"name\":\"Zahnaufhellung\"}]},{\"@type\":\"WebSite\",\"@id\":\"https:\\\/\\\/www.zuckersuess-regensburg.de\\\/#website\",\"url\":\"https:\\\/\\\/www.zuckersuess-regensburg.de\\\/\",\"name\":\"Haarlos Sch\u00f6n Regensburg\",\"description\":\"Professionelle Enthaarungen mit modernster Lasertechnik, Elektroepilation und Wachs\",\"publisher\":{\"@id\":\"https:\\\/\\\/www.zuckersuess-regensburg.de\\\/#organization\"},\"potentialAction\":[{\"@type\":\"SearchAction\",\"target\":{\"@type\":\"EntryPoint\",\"urlTemplate\":\"https:\\\/\\\/www.zuckersuess-regensburg.de\\\/?s={search_term_string}\"},\"query-input\":{\"@type\":\"PropertyValueSpecification\",\"valueRequired\":true,\"valueName\":\"search_term_string\"}}],\"inLanguage\":\"de\"},{\"@type\":\"Organization\",\"@id\":\"https:\\\/\\\/www.zuckersuess-regensburg.de\\\/#organization\",\"name\":\"Haarlos Sch\u00f6n Regensburg\",\"url\":\"https:\\\/\\\/www.zuckersuess-regensburg.de\\\/\",\"logo\":{\"@type\":\"ImageObject\",\"inLanguage\":\"de\",\"@id\":\"https:\\\/\\\/www.zuckersuess-regensburg.de\\\/#\\\/schema\\\/logo\\\/image\\\/\",\"url\":\"https:\\\/\\\/www.zuckersuess-regensburg.de\\\/wp-content\\\/uploads\\\/logo_72_333333-2.png\",\"contentUrl\":\"https:\\\/\\\/www.zuckersuess-regensburg.de\\\/wp-content\\\/uploads\\\/logo_72_333333-2.png\",\"width\":596,\"height\":243,\"caption\":\"Haarlos Sch\u00f6n Regensburg\"},\"image\":{\"@id\":\"https:\\\/\\\/www.zuckersuess-regensburg.de\\\/#\\\/schema\\\/logo\\\/image\\\/\"}}]}<\/script>\n<!-- \/ Yoast SEO plugin. -->","yoast_head_json":{"title":"Zahnaufhellung - Haarlos Sch\u00f6n Regensburg","robots":{"index":"index","follow":"follow","max-snippet":"max-snippet:-1","max-image-preview":"max-image-preview:large","max-video-preview":"max-video-preview:-1"},"canonical":"https:\/\/www.zuckersuess-regensburg.de\/?page_id=1099","og_locale":"de_DE","og_type":"article","og_title":"Zahnaufhellung - Haarlos Sch\u00f6n Regensburg","og_description":"Kosmetische Zahnaufhellung (Soft-Bleaching) Circa 85% der Deutschen empfinden gelbe Z\u00e4hne als unattraktiv und w\u00fcrden gerne wei\u00dfere Z\u00e4hne haben. Verf\u00e4rbte oder gelbliche Z\u00e4hne werden in den &hellip;","og_url":"https:\/\/www.zuckersuess-regensburg.de\/?page_id=1099","og_site_name":"Haarlos Sch\u00f6n Regensburg","article_modified_time":"2021-12-30T11:36:23+00:00","og_image":[{"width":2048,"height":967,"url":"https:\/\/www.zuckersuess-regensburg.de\/wp-content\/uploads\/EC16A997-DAFB-4781-BA83-C35615A882E6-e1592854851599.jpeg","type":"image\/jpeg"}],"twitter_misc":{"Gesch\u00e4tzte Lesezeit":"3\u00a0Minuten"},"schema":{"@context":"https:\/\/schema.org","@graph":[{"@type":"WebPage","@id":"https:\/\/www.zuckersuess-regensburg.de\/?page_id=1099","url":"https:\/\/www.zuckersuess-regensburg.de\/?page_id=1099","name":"Zahnaufhellung - Haarlos Sch\u00f6n Regensburg","isPartOf":{"@id":"https:\/\/www.zuckersuess-regensburg.de\/#website"},"primaryImageOfPage":{"@id":"https:\/\/www.zuckersuess-regensburg.de\/?page_id=1099#primaryimage"},"image":{"@id":"https:\/\/www.zuckersuess-regensburg.de\/?page_id=1099#primaryimage"},"thumbnailUrl":"https:\/\/www.zuckersuess-regensburg.de\/wp-content\/uploads\/EC16A997-DAFB-4781-BA83-C35615A882E6-e1592854851599.jpeg","datePublished":"2020-06-14T20:13:19+00:00","dateModified":"2021-12-30T11:36:23+00:00","breadcrumb":{"@id":"https:\/\/www.zuckersuess-regensburg.de\/?page_id=1099#breadcrumb"},"inLanguage":"de","potentialAction":[{"@type":"ReadAction","target":["https:\/\/www.zuckersuess-regensburg.de\/?page_id=1099"]}]},{"@type":"ImageObject","inLanguage":"de","@id":"https:\/\/www.zuckersuess-regensburg.de\/?page_id=1099#primaryimage","url":"https:\/\/www.zuckersuess-regensburg.de\/wp-content\/uploads\/EC16A997-DAFB-4781-BA83-C35615A882E6-e1592854851599.jpeg","contentUrl":"https:\/\/www.zuckersuess-regensburg.de\/wp-content\/uploads\/EC16A997-DAFB-4781-BA83-C35615A882E6-e1592854851599.jpeg","width":2048,"height":967,"caption":"Vorher-Nachher Zahnaufhellung"},{"@type":"BreadcrumbList","@id":"https:\/\/www.zuckersuess-regensburg.de\/?page_id=1099#breadcrumb","itemListElement":[{"@type":"ListItem","position":1,"name":"Home","item":"https:\/\/www.zuckersuess-regensburg.de\/"},{"@type":"ListItem","position":2,"name":"Anwendungen","item":"https:\/\/www.zuckersuess-regensburg.de\/?page_id=141"},{"@type":"ListItem","position":3,"name":"Zahnaufhellung"}]},{"@type":"WebSite","@id":"https:\/\/www.zuckersuess-regensburg.de\/#website","url":"https:\/\/www.zuckersuess-regensburg.de\/","name":"Haarlos Sch\u00f6n Regensburg","description":"Professionelle Enthaarungen mit modernster Lasertechnik, Elektroepilation und Wachs","publisher":{"@id":"https:\/\/www.zuckersuess-regensburg.de\/#organization"},"potentialAction":[{"@type":"SearchAction","target":{"@type":"EntryPoint","urlTemplate":"https:\/\/www.zuckersuess-regensburg.de\/?s={search_term_string}"},"query-input":{"@type":"PropertyValueSpecification","valueRequired":true,"valueName":"search_term_string"}}],"inLanguage":"de"},{"@type":"Organization","@id":"https:\/\/www.zuckersuess-regensburg.de\/#organization","name":"Haarlos Sch\u00f6n Regensburg","url":"https:\/\/www.zuckersuess-regensburg.de\/","logo":{"@type":"ImageObject","inLanguage":"de","@id":"https:\/\/www.zuckersuess-regensburg.de\/#\/schema\/logo\/image\/","url":"https:\/\/www.zuckersuess-regensburg.de\/wp-content\/uploads\/logo_72_333333-2.png","contentUrl":"https:\/\/www.zuckersuess-regensburg.de\/wp-content\/uploads\/logo_72_333333-2.png","width":596,"height":243,"caption":"Haarlos Sch\u00f6n Regensburg"},"image":{"@id":"https:\/\/www.zuckersuess-regensburg.de\/#\/schema\/logo\/image\/"}}]}},"_links":{"self":[{"href":"https:\/\/www.zuckersuess-regensburg.de\/index.php?rest_route=\/wp\/v2\/pages\/1099","targetHints":{"allow":["GET"]}}],"collection":[{"href":"https:\/\/www.zuckersuess-regensburg.de\/index.php?rest_route=\/wp\/v2\/pages"}],"about":[{"href":"https:\/\/www.zuckersuess-regensburg.de\/index.php?rest_route=\/wp\/v2\/types\/page"}],"author":[{"embeddable":true,"href":"https:\/\/www.zuckersuess-regensburg.de\/index.php?rest_route=\/wp\/v2\/users\/1"}],"replies":[{"embeddable":true,"href":"https:\/\/www.zuckersuess-regensburg.de\/index.php?rest_route=%2Fwp%2Fv2%2Fcomments&post=1099"}],"version-history":[{"count":29,"href":"https:\/\/www.zuckersuess-regensburg.de\/index.php?rest_route=\/wp\/v2\/pages\/1099\/revisions"}],"predecessor-version":[{"id":1598,"href":"https:\/\/www.zuckersuess-regensburg.de\/index.php?rest_route=\/wp\/v2\/pages\/1099\/revisions\/1598"}],"up":[{"embeddable":true,"href":"https:\/\/www.zuckersuess-regensburg.de\/index.php?rest_route=\/wp\/v2\/pages\/141"}],"wp:featuredmedia":[{"embeddable":true,"href":"https:\/\/www.zuckersuess-regensburg.de\/index.php?rest_route=\/wp\/v2\/media\/1168"}],"wp:attachment":[{"href":"https:\/\/www.zuckersuess-regensburg.de\/index.php?rest_route=%2Fwp%2Fv2%2Fmedia&parent=1099"}],"curies":[{"name":"wp","href":"https:\/\/api.w.org\/{rel}","templated":true}]}}